{"id":138,"date":"2026-01-26T20:15:32","date_gmt":"2026-01-26T19:15:32","guid":{"rendered":"https:\/\/raidassistance.com\/?page_id=138"},"modified":"2026-01-26T21:00:01","modified_gmt":"2026-01-26T20:00:01","slug":"contactez-nous","status":"publish","type":"page","link":"https:\/\/raidassistance.com\/index.php\/contactez-nous\/","title":{"rendered":"Contactez-nous"},"content":{"rendered":"\t\t<div data-elementor-type=\"wp-page\" data-elementor-id=\"138\" class=\"elementor elementor-138\">\n\t\t\t\t<div class=\"elementor-element elementor-element-4ca80f7 e-flex e-con-boxed e-con e-parent\" data-id=\"4ca80f7\" data-element_type=\"container\" data-settings=\"{&quot;background_background&quot;:&quot;classic&quot;,&quot;shape_divider_bottom&quot;:&quot;mountains&quot;}\">\n\t\t\t\t\t<div class=\"e-con-inner\">\n\t\t\t\t<div class=\"elementor-shape elementor-shape-bottom\" aria-hidden=\"true\" data-negative=\"false\">\n\t\t\t<svg xmlns=\"http:\/\/www.w3.org\/2000\/svg\" viewBox=\"0 0 1000 100\" preserveAspectRatio=\"none\">\n\t<path class=\"elementor-shape-fill\" opacity=\"0.33\" d=\"M473,67.3c-203.9,88.3-263.1-34-320.3,0C66,119.1,0,59.7,0,59.7V0h1000v59.7 c0,0-62.1,26.1-94.9,29.3c-32.8,3.3-62.8-12.3-75.8-22.1C806,49.6,745.3,8.7,694.9,4.7S492.4,59,473,67.3z\"\/>\n\t<path class=\"elementor-shape-fill\" opacity=\"0.66\" d=\"M734,67.3c-45.5,0-77.2-23.2-129.1-39.1c-28.6-8.7-150.3-10.1-254,39.1 s-91.7-34.4-149.2,0C115.7,118.3,0,39.8,0,39.8V0h1000v36.5c0,0-28.2-18.5-92.1-18.5C810.2,18.1,775.7,67.3,734,67.3z\"\/>\n\t<path class=\"elementor-shape-fill\" d=\"M766.1,28.9c-200-57.5-266,65.5-395.1,19.5C242,1.8,242,5.4,184.8,20.6C128,35.8,132.3,44.9,89.9,52.5C28.6,63.7,0,0,0,0 h1000c0,0-9.9,40.9-83.6,48.1S829.6,47,766.1,28.9z\"\/>\n<\/svg>\t\t<\/div>\n\t\t\t\t\t<\/div>\n\t\t\t\t<\/div>\n\t\t<div class=\"elementor-element elementor-element-a8badc8 e-flex e-con-boxed e-con e-parent\" data-id=\"a8badc8\" data-element_type=\"container\">\n\t\t\t\t\t<div class=\"e-con-inner\">\n\t\t\t\t<div class=\"elementor-element elementor-element-12cec5b elementor-widget elementor-widget-heading\" data-id=\"12cec5b\" data-element_type=\"widget\" data-widget_type=\"heading.default\">\n\t\t\t\t\t<h2 class=\"elementor-heading-title elementor-size-default\">Contactez-Nous<\/h2>\t\t\t\t<\/div>\n\t\t\t\t<div class=\"elementor-element elementor-element-bfb0c28 elementor-widget elementor-widget-text-editor\" data-id=\"bfb0c28\" data-element_type=\"widget\" data-widget_type=\"text-editor.default\">\n\t\t\t\t\t\t\t\t\t<p>Vous avez une question, besoin d\u2019un accompagnement \u00e0 domicile ou souhaitez obtenir plus d\u2019informations sur nos services ?<br data-start=\"273\" data-end=\"276\" \/>L\u2019\u00e9quipe <strong data-start=\"285\" data-end=\"304\">RAID Assistance<\/strong> est \u00e0 votre \u00e9coute pour vous orienter et vous proposer des solutions adapt\u00e9es \u00e0 vos besoins.<\/p><h3 data-start=\"399\" data-end=\"421\"><img decoding=\"async\" role=\"img\" draggable=\"false\" src=\"https:\/\/s.w.org\/images\/core\/emoji\/17.0.2\/svg\/1f4de.svg\" alt=\"\ud83d\udcde\" width=\"21\" height=\"21\" \/> Par t\u00e9l\u00e9phone<\/h3><p data-start=\"422\" data-end=\"551\">Nos conseillers sont disponibles pour r\u00e9pondre \u00e0 vos demandes et vous guider dans vos d\u00e9marches.<br data-start=\"518\" data-end=\"521\" \/><strong data-start=\"521\" data-end=\"536\">T\u00e9l\u00e9phone : 97 378 788<br \/><\/strong><\/p><h3 data-start=\"553\" data-end=\"572\"><img decoding=\"async\" role=\"img\" draggable=\"false\" src=\"https:\/\/s.w.org\/images\/core\/emoji\/17.0.2\/svg\/1f4e7.svg\" alt=\"\ud83d\udce7\" width=\"26\" height=\"26\" \/> Par e-mail<\/h3><p data-start=\"422\" data-end=\"551\"><strong data-start=\"521\" data-end=\"536\">\u00a0<\/strong><span style=\"font-style: inherit;\"><span style=\"font-weight: inherit;\">Pour toute demande d\u2019information ou de devis, \u00e9crivez-nous :<\/span><br \/><\/span><strong style=\"font-style: inherit;\" data-start=\"636\" data-end=\"647\">Email :<\/strong><span style=\"font-style: inherit; font-weight: inherit;\">\u00a0contact@raidassistance.com<br \/><\/span><\/p><h3 data-start=\"111\" data-end=\"144\"><img decoding=\"async\" class=\"\" role=\"img\" draggable=\"false\" src=\"https:\/\/s.w.org\/images\/core\/emoji\/17.0.2\/svg\/1f4cd.svg\" alt=\"\ud83d\udccd\" width=\"27\" height=\"27\" \/> Nos zones d\u2019intervention<\/h3><p data-start=\"145\" data-end=\"325\">RAID Assistanc\u00a0<span style=\"font-size: 1rem;\">est bas\u00e9e \u00e0 <\/span><strong style=\"font-size: 1rem;\" data-start=\"726\" data-end=\"738\">M\u00e9denine <\/strong><span style=\"font-style: inherit; font-weight: inherit;\">\u00a0et intervient principalement \u00e0 <\/span><strong style=\"font-style: inherit;\" data-start=\"189\" data-end=\"201\">M\u00e9denine<\/strong><span style=\"font-style: inherit; font-weight: inherit;\"> et <\/span><strong style=\"font-style: inherit;\" data-start=\"205\" data-end=\"215\">Djerba<\/strong><span style=\"font-style: inherit; font-weight: inherit;\">, en assurant des services d\u2019accompagnement et de soins \u00e0 domicile adapt\u00e9s aux besoins de chaque b\u00e9n\u00e9ficiaire.<\/span><\/p>\t\t\t\t\t\t\t\t<\/div>\n\t\t\t\t\t<\/div>\n\t\t\t\t<\/div>\n\t\t<div class=\"elementor-element elementor-element-1679db7 e-flex e-con-boxed e-con e-parent\" data-id=\"1679db7\" data-element_type=\"container\">\n\t\t\t\t\t<div class=\"e-con-inner\">\n\t\t\t\t<div class=\"elementor-element elementor-element-48c2ca1 elementor-widget elementor-widget-google_maps\" data-id=\"48c2ca1\" data-element_type=\"widget\" data-widget_type=\"google_maps.default\">\n\t\t\t\t\t\t\t<div class=\"elementor-custom-embed\">\n\t\t\t<iframe loading=\"lazy\"\n\t\t\t\t\tsrc=\"https:\/\/maps.google.com\/maps?q=33.344051%2C%2010.499538&#038;t=m&#038;z=14&#038;output=embed&#038;iwloc=near\"\n\t\t\t\t\ttitle=\"33.344051, 10.499538\"\n\t\t\t\t\taria-label=\"33.344051, 10.499538\"\n\t\t\t><\/iframe>\n\t\t<\/div>\n\t\t\t\t\t\t<\/div>\n\t\t\t\t\t<\/div>\n\t\t\t\t<\/div>\n\t\t<div class=\"elementor-element elementor-element-3d0416a e-flex e-con-boxed e-con e-parent\" data-id=\"3d0416a\" data-element_type=\"container\">\n\t\t\t\t\t<div class=\"e-con-inner\">\n\t\t\t\t<div class=\"elementor-element elementor-element-49a2e67 elementor-widget elementor-widget-text-editor\" data-id=\"49a2e67\" data-element_type=\"widget\" data-widget_type=\"text-editor.default\">\n\t\t\t\t\t\t\t\t\t<h3 data-start=\"815\" data-end=\"832\">\ud83d\udd58 Horaires<\/h3><p data-start=\"833\" data-end=\"878\">Du <strong data-start=\"836\" data-end=\"855\">lundi au samedi<\/strong><br data-start=\"855\" data-end=\"858\">\nDe <strong data-start=\"861\" data-end=\"878\">08h00 \u00e0 18h00<\/strong><\/p><p>\n\n<\/p><p data-start=\"880\" data-end=\"1068\">\ud83d\udc49 <strong data-start=\"883\" data-end=\"917\">N\u2019h\u00e9sitez pas \u00e0 nous contacter<\/strong> : chaque situation est unique, et nous mettons un point d\u2019honneur \u00e0 offrir une \u00e9coute attentive et un accompagnement humain, professionnel et r\u00e9actif.<\/p>\t\t\t\t\t\t\t\t<\/div>\n\t\t\t\t\t<\/div>\n\t\t\t\t<\/div>\n\t\t<div class=\"elementor-element elementor-element-919e46a e-flex e-con-boxed e-con e-parent\" data-id=\"919e46a\" data-element_type=\"container\">\n\t\t\t\t\t<div class=\"e-con-inner\">\n\t\t\t\t<div class=\"elementor-element elementor-element-ca348c6 elementor-widget elementor-widget-shortcode\" data-id=\"ca348c6\" data-element_type=\"widget\" data-widget_type=\"shortcode.default\">\n\t\t\t\t\t\t\t<div class=\"elementor-shortcode\">\n<div class=\"wpcf7 no-js\" id=\"wpcf7-f158-o1\" lang=\"fr-FR\" dir=\"ltr\" data-wpcf7-id=\"158\">\n<div class=\"screen-reader-response\"><p role=\"status\" aria-live=\"polite\" aria-atomic=\"true\"><\/p> <ul><\/ul><\/div>\n<form action=\"\/index.php\/wp-json\/wp\/v2\/pages\/138#wpcf7-f158-o1\" method=\"post\" class=\"wpcf7-form init\" aria-label=\"Formulaire de contact\" novalidate=\"novalidate\" data-status=\"init\">\n<fieldset class=\"hidden-fields-container\"><input type=\"hidden\" name=\"_wpcf7\" value=\"158\" \/><input type=\"hidden\" name=\"_wpcf7_version\" value=\"6.1.4\" \/><input type=\"hidden\" name=\"_wpcf7_locale\" value=\"fr_FR\" \/><input type=\"hidden\" name=\"_wpcf7_unit_tag\" value=\"wpcf7-f158-o1\" \/><input type=\"hidden\" name=\"_wpcf7_container_post\" value=\"0\" \/><input type=\"hidden\" name=\"_wpcf7_posted_data_hash\" value=\"\" \/><input type=\"hidden\" name=\"_wpcf7_recaptcha_response\" value=\"\" \/>\n<\/fieldset>\n<p><span class=\"wpcf7-form-control-wrap\" data-name=\"nom\"><input size=\"40\" maxlength=\"400\" class=\"wpcf7-form-control wpcf7-text wpcf7-validates-as-required\" aria-required=\"true\" aria-invalid=\"false\" placeholder=\"Nom et pr\u00e9nom\" value=\"\" type=\"text\" name=\"nom\" \/><\/span><br \/>\n<span class=\"wpcf7-form-control-wrap\" data-name=\"telephone\"><input size=\"40\" maxlength=\"400\" class=\"wpcf7-form-control wpcf7-tel wpcf7-validates-as-required wpcf7-text wpcf7-validates-as-tel\" aria-required=\"true\" aria-invalid=\"false\" placeholder=\"T\u00e9l\u00e9phone\" value=\"\" type=\"tel\" name=\"telephone\" \/><\/span><br \/>\n<span class=\"wpcf7-form-control-wrap\" data-name=\"email\"><input size=\"40\" maxlength=\"400\" class=\"wpcf7-form-control wpcf7-email wpcf7-validates-as-required wpcf7-text wpcf7-validates-as-email\" aria-required=\"true\" aria-invalid=\"false\" placeholder=\"Email\" value=\"\" type=\"email\" name=\"email\" \/><\/span><br \/>\n<span class=\"wpcf7-form-control-wrap\" data-name=\"ville\"><input size=\"40\" maxlength=\"400\" class=\"wpcf7-form-control wpcf7-text\" aria-invalid=\"false\" placeholder=\"Ville (M\u00e9denine \/ Djerba)\" value=\"\" type=\"text\" name=\"ville\" \/><\/span><br \/>\n<span class=\"wpcf7-form-control-wrap\" data-name=\"message\"><textarea cols=\"40\" rows=\"10\" maxlength=\"2000\" class=\"wpcf7-form-control wpcf7-textarea wpcf7-validates-as-required\" aria-required=\"true\" aria-invalid=\"false\" placeholder=\"Votre message\" name=\"message\"><\/textarea><\/span>\n<\/p>\n<p><span class=\"wpcf7-form-control-wrap\" data-name=\"consentement\"><span class=\"wpcf7-form-control wpcf7-acceptance\"><span class=\"wpcf7-list-item\"><label><input type=\"checkbox\" name=\"consentement\" value=\"1\" aria-invalid=\"false\" \/><span class=\"wpcf7-list-item-label\">J\u2019accepte que mes donn\u00e9es soient utilis\u00e9es pour \u00eatre recontact\u00e9(e).<\/span><\/label><\/span><\/span><\/span>\n<\/p>\n<p><input class=\"wpcf7-form-control wpcf7-submit has-spinner\" type=\"submit\" value=\"Envoyer\" \/>\n<\/p><div class=\"wpcf7-response-output\" aria-hidden=\"true\"><\/div>\n<\/form>\n<\/div>\n<\/div>\n\t\t\t\t\t\t<\/div>\n\t\t\t\t\t<\/div>\n\t\t\t\t<\/div>\n\t\t\t\t<\/div>\n\t\t","protected":false},"excerpt":{"rendered":"<p>Contactez-Nous Vous avez une question, besoin d\u2019un accompagnement \u00e0 domicile ou souhaitez obtenir plus d\u2019informations sur nos services ?L\u2019\u00e9quipe RAID [&hellip;]<\/p>\n","protected":false},"author":1,"featured_media":0,"parent":0,"menu_order":0,"comment_status":"closed","ping_status":"closed","template":"elementor_header_footer","meta":{"_uag_custom_page_level_css":"","site-sidebar-layout":"no-sidebar","site-content-layout":"","ast-site-content-layout":"full-width-container","site-content-style":"default","site-sidebar-style":"default","ast-global-header-display":"","ast-banner-title-visibility":"","ast-main-header-display":"","ast-hfb-above-header-display":"","ast-hfb-below-header-display":"","ast-hfb-mobile-header-display":"","site-post-title":"disabled","ast-breadcrumbs-content":"","ast-featured-img":"disabled","footer-sml-layout":"","ast-disable-related-posts":"","theme-transparent-header-meta":"","adv-header-id-meta":"","stick-header-meta":"","header-above-stick-meta":"","header-main-stick-meta":"","header-below-stick-meta":"","astra-migrate-meta-layouts":"default","ast-page-background-enabled":"default","ast-page-background-meta":{"desktop":{"background-color":"var(--ast-global-color-5)","background-image":"","background-repeat":"repeat","background-position":"center center","background-size":"auto","background-attachment":"scroll","background-type":"","background-media":"","overlay-type":"","overlay-color":"","overlay-opacity":"","overlay-gradient":""},"tablet":{"background-color":"","background-image":"","background-repeat":"repeat","background-position":"center center","background-size":"auto","background-attachment":"scroll","background-type":"","background-media":"","overlay-type":"","overlay-color":"","overlay-opacity":"","overlay-gradient":""},"mobile":{"background-color":"","background-image":"","background-repeat":"repeat","background-position":"center center","background-size":"auto","background-attachment":"scroll","background-type":"","background-media":"","overlay-type":"","overlay-color":"","overlay-opacity":"","overlay-gradient":""}},"ast-content-background-meta":{"desktop":{"background-color":"var(--ast-global-color-4)","background-image":"","background-repeat":"repeat","background-position":"center center","background-size":"auto","background-attachment":"scroll","background-type":"","background-media":"","overlay-type":"","overlay-color":"","overlay-opacity":"","overlay-gradient":""},"tablet":{"background-color":"var(--ast-global-color-4)","background-image":"","background-repeat":"repeat","background-position":"center center","background-size":"auto","background-attachment":"scroll","background-type":"","background-media":"","overlay-type":"","overlay-color":"","overlay-opacity":"","overlay-gradient":""},"mobile":{"background-color":"var(--ast-global-color-4)","background-image":"","background-repeat":"repeat","background-position":"center center","background-size":"auto","background-attachment":"scroll","background-type":"","background-media":"","overlay-type":"","overlay-color":"","overlay-opacity":"","overlay-gradient":""}},"footnotes":""},"class_list":["post-138","page","type-page","status-publish","hentry"],"yoast_head":"<!-- This site is optimized with the Yoast SEO plugin v26.7 - https:\/\/yoast.com\/wordpress\/plugins\/seo\/ -->\n<title>Contactez-nous - RAID Assistance<\/title>\n<meta name=\"robots\" content=\"index, follow, max-snippet:-1, max-image-preview:large, max-video-preview:-1\" \/>\n<link rel=\"canonical\" href=\"https:\/\/raidassistance.com\/index.php\/contactez-nous\/\" \/>\n<meta property=\"og:locale\" content=\"fr_FR\" \/>\n<meta property=\"og:type\" content=\"article\" \/>\n<meta property=\"og:title\" content=\"Contactez-nous - RAID Assistance\" \/>\n<meta property=\"og:description\" content=\"Contactez-Nous Vous avez une question, besoin d\u2019un accompagnement \u00e0 domicile ou souhaitez obtenir plus d\u2019informations sur nos services ?L\u2019\u00e9quipe RAID [&hellip;]\" \/>\n<meta property=\"og:url\" content=\"https:\/\/raidassistance.com\/index.php\/contactez-nous\/\" \/>\n<meta property=\"og:site_name\" content=\"RAID Assistance\" \/>\n<meta property=\"article:modified_time\" content=\"2026-01-26T20:00:01+00:00\" \/>\n<meta property=\"og:image\" content=\"https:\/\/s.w.org\/images\/core\/emoji\/17.0.2\/svg\/1f4de.svg\" \/>\n<meta name=\"twitter:card\" content=\"summary_large_image\" \/>\n<meta name=\"twitter:label1\" content=\"Dur\u00e9e de lecture estim\u00e9e\" \/>\n\t<meta name=\"twitter:data1\" content=\"2 minutes\" \/>\n<script type=\"application\/ld+json\" class=\"yoast-schema-graph\">{\"@context\":\"https:\/\/schema.org\",\"@graph\":[{\"@type\":\"WebPage\",\"@id\":\"https:\/\/raidassistance.com\/index.php\/contactez-nous\/\",\"url\":\"https:\/\/raidassistance.com\/index.php\/contactez-nous\/\",\"name\":\"Contactez-nous - RAID Assistance\",\"isPartOf\":{\"@id\":\"https:\/\/raidassistance.com\/#website\"},\"primaryImageOfPage\":{\"@id\":\"https:\/\/raidassistance.com\/index.php\/contactez-nous\/#primaryimage\"},\"image\":{\"@id\":\"https:\/\/raidassistance.com\/index.php\/contactez-nous\/#primaryimage\"},\"thumbnailUrl\":\"https:\/\/s.w.org\/images\/core\/emoji\/17.0.2\/svg\/1f4de.svg\",\"datePublished\":\"2026-01-26T19:15:32+00:00\",\"dateModified\":\"2026-01-26T20:00:01+00:00\",\"breadcrumb\":{\"@id\":\"https:\/\/raidassistance.com\/index.php\/contactez-nous\/#breadcrumb\"},\"inLanguage\":\"fr-FR\",\"potentialAction\":[{\"@type\":\"ReadAction\",\"target\":[\"https:\/\/raidassistance.com\/index.php\/contactez-nous\/\"]}]},{\"@type\":\"ImageObject\",\"inLanguage\":\"fr-FR\",\"@id\":\"https:\/\/raidassistance.com\/index.php\/contactez-nous\/#primaryimage\",\"url\":\"https:\/\/s.w.org\/images\/core\/emoji\/17.0.2\/svg\/1f4de.svg\",\"contentUrl\":\"https:\/\/s.w.org\/images\/core\/emoji\/17.0.2\/svg\/1f4de.svg\"},{\"@type\":\"BreadcrumbList\",\"@id\":\"https:\/\/raidassistance.com\/index.php\/contactez-nous\/#breadcrumb\",\"itemListElement\":[{\"@type\":\"ListItem\",\"position\":1,\"name\":\"Accueil\",\"item\":\"https:\/\/raidassistance.com\/\"},{\"@type\":\"ListItem\",\"position\":2,\"name\":\"Contactez-nous\"}]},{\"@type\":\"WebSite\",\"@id\":\"https:\/\/raidassistance.com\/#website\",\"url\":\"https:\/\/raidassistance.com\/\",\"name\":\"RAID Assistance\",\"description\":\"Nous sommes l\u00e0 pour votre sant\u00e9\",\"publisher\":{\"@id\":\"https:\/\/raidassistance.com\/#organization\"},\"potentialAction\":[{\"@type\":\"SearchAction\",\"target\":{\"@type\":\"EntryPoint\",\"urlTemplate\":\"https:\/\/raidassistance.com\/?s={search_term_string}\"},\"query-input\":{\"@type\":\"PropertyValueSpecification\",\"valueRequired\":true,\"valueName\":\"search_term_string\"}}],\"inLanguage\":\"fr-FR\"},{\"@type\":\"Organization\",\"@id\":\"https:\/\/raidassistance.com\/#organization\",\"name\":\"RAID Assistance\",\"url\":\"https:\/\/raidassistance.com\/\",\"logo\":{\"@type\":\"ImageObject\",\"inLanguage\":\"fr-FR\",\"@id\":\"https:\/\/raidassistance.com\/#\/schema\/logo\/image\/\",\"url\":\"https:\/\/raidassistance.com\/wp-content\/uploads\/2026\/01\/cropped-logo-ra-site-scaled-1.png\",\"contentUrl\":\"https:\/\/raidassistance.com\/wp-content\/uploads\/2026\/01\/cropped-logo-ra-site-scaled-1.png\",\"width\":2355,\"height\":710,\"caption\":\"RAID Assistance\"},\"image\":{\"@id\":\"https:\/\/raidassistance.com\/#\/schema\/logo\/image\/\"}}]}<\/script>\n<!-- \/ Yoast SEO plugin. -->","yoast_head_json":{"title":"Contactez-nous - RAID Assistance","robots":{"index":"index","follow":"follow","max-snippet":"max-snippet:-1","max-image-preview":"max-image-preview:large","max-video-preview":"max-video-preview:-1"},"canonical":"https:\/\/raidassistance.com\/index.php\/contactez-nous\/","og_locale":"fr_FR","og_type":"article","og_title":"Contactez-nous - RAID Assistance","og_description":"Contactez-Nous Vous avez une question, besoin d\u2019un accompagnement \u00e0 domicile ou souhaitez obtenir plus d\u2019informations sur nos services ?L\u2019\u00e9quipe RAID [&hellip;]","og_url":"https:\/\/raidassistance.com\/index.php\/contactez-nous\/","og_site_name":"RAID Assistance","article_modified_time":"2026-01-26T20:00:01+00:00","og_image":[{"url":"https:\/\/s.w.org\/images\/core\/emoji\/17.0.2\/svg\/1f4de.svg","type":"","width":"","height":""}],"twitter_card":"summary_large_image","twitter_misc":{"Dur\u00e9e de lecture estim\u00e9e":"2 minutes"},"schema":{"@context":"https:\/\/schema.org","@graph":[{"@type":"WebPage","@id":"https:\/\/raidassistance.com\/index.php\/contactez-nous\/","url":"https:\/\/raidassistance.com\/index.php\/contactez-nous\/","name":"Contactez-nous - RAID Assistance","isPartOf":{"@id":"https:\/\/raidassistance.com\/#website"},"primaryImageOfPage":{"@id":"https:\/\/raidassistance.com\/index.php\/contactez-nous\/#primaryimage"},"image":{"@id":"https:\/\/raidassistance.com\/index.php\/contactez-nous\/#primaryimage"},"thumbnailUrl":"https:\/\/s.w.org\/images\/core\/emoji\/17.0.2\/svg\/1f4de.svg","datePublished":"2026-01-26T19:15:32+00:00","dateModified":"2026-01-26T20:00:01+00:00","breadcrumb":{"@id":"https:\/\/raidassistance.com\/index.php\/contactez-nous\/#breadcrumb"},"inLanguage":"fr-FR","potentialAction":[{"@type":"ReadAction","target":["https:\/\/raidassistance.com\/index.php\/contactez-nous\/"]}]},{"@type":"ImageObject","inLanguage":"fr-FR","@id":"https:\/\/raidassistance.com\/index.php\/contactez-nous\/#primaryimage","url":"https:\/\/s.w.org\/images\/core\/emoji\/17.0.2\/svg\/1f4de.svg","contentUrl":"https:\/\/s.w.org\/images\/core\/emoji\/17.0.2\/svg\/1f4de.svg"},{"@type":"BreadcrumbList","@id":"https:\/\/raidassistance.com\/index.php\/contactez-nous\/#breadcrumb","itemListElement":[{"@type":"ListItem","position":1,"name":"Accueil","item":"https:\/\/raidassistance.com\/"},{"@type":"ListItem","position":2,"name":"Contactez-nous"}]},{"@type":"WebSite","@id":"https:\/\/raidassistance.com\/#website","url":"https:\/\/raidassistance.com\/","name":"RAID Assistance","description":"Nous sommes l\u00e0 pour votre sant\u00e9","publisher":{"@id":"https:\/\/raidassistance.com\/#organization"},"potentialAction":[{"@type":"SearchAction","target":{"@type":"EntryPoint","urlTemplate":"https:\/\/raidassistance.com\/?s={search_term_string}"},"query-input":{"@type":"PropertyValueSpecification","valueRequired":true,"valueName":"search_term_string"}}],"inLanguage":"fr-FR"},{"@type":"Organization","@id":"https:\/\/raidassistance.com\/#organization","name":"RAID Assistance","url":"https:\/\/raidassistance.com\/","logo":{"@type":"ImageObject","inLanguage":"fr-FR","@id":"https:\/\/raidassistance.com\/#\/schema\/logo\/image\/","url":"https:\/\/raidassistance.com\/wp-content\/uploads\/2026\/01\/cropped-logo-ra-site-scaled-1.png","contentUrl":"https:\/\/raidassistance.com\/wp-content\/uploads\/2026\/01\/cropped-logo-ra-site-scaled-1.png","width":2355,"height":710,"caption":"RAID Assistance"},"image":{"@id":"https:\/\/raidassistance.com\/#\/schema\/logo\/image\/"}}]}},"uagb_featured_image_src":{"full":false,"thumbnail":false,"medium":false,"medium_large":false,"large":false,"1536x1536":false,"2048x2048":false},"uagb_author_info":{"display_name":"admin6174","author_link":"https:\/\/raidassistance.com\/index.php\/author\/admin6174\/"},"uagb_comment_info":0,"uagb_excerpt":"Contactez-Nous Vous avez une question, besoin d\u2019un accompagnement \u00e0 domicile ou souhaitez obtenir plus d\u2019informations sur nos services ?L\u2019\u00e9quipe RAID [&hellip;]","_links":{"self":[{"href":"https:\/\/raidassistance.com\/index.php\/wp-json\/wp\/v2\/pages\/138","targetHints":{"allow":["GET"]}}],"collection":[{"href":"https:\/\/raidassistance.com\/index.php\/wp-json\/wp\/v2\/pages"}],"about":[{"href":"https:\/\/raidassistance.com\/index.php\/wp-json\/wp\/v2\/types\/page"}],"author":[{"embeddable":true,"href":"https:\/\/raidassistance.com\/index.php\/wp-json\/wp\/v2\/users\/1"}],"replies":[{"embeddable":true,"href":"https:\/\/raidassistance.com\/index.php\/wp-json\/wp\/v2\/comments?post=138"}],"version-history":[{"count":19,"href":"https:\/\/raidassistance.com\/index.php\/wp-json\/wp\/v2\/pages\/138\/revisions"}],"predecessor-version":[{"id":162,"href":"https:\/\/raidassistance.com\/index.php\/wp-json\/wp\/v2\/pages\/138\/revisions\/162"}],"wp:attachment":[{"href":"https:\/\/raidassistance.com\/index.php\/wp-json\/wp\/v2\/media?parent=138"}],"curies":[{"name":"wp","href":"https:\/\/api.w.org\/{rel}","templated":true}]}}