{"id":168,"date":"2026-03-12T21:33:24","date_gmt":"2026-03-12T20:33:24","guid":{"rendered":"https:\/\/raidassistance.com\/?page_id=168"},"modified":"2026-03-12T21:36:31","modified_gmt":"2026-03-12T20:36:31","slug":"politique-de-confidentialite","status":"publish","type":"page","link":"https:\/\/raidassistance.com\/index.php\/politique-de-confidentialite\/","title":{"rendered":"Politique de confidentialit\u00e9"},"content":{"rendered":"\t\t<div data-elementor-type=\"wp-page\" data-elementor-id=\"168\" class=\"elementor elementor-168\">\n\t\t\t\t<div class=\"elementor-element elementor-element-e42c10b e-flex e-con-boxed e-con e-parent\" data-id=\"e42c10b\" data-element_type=\"container\" data-settings=\"{&quot;background_background&quot;:&quot;classic&quot;,&quot;shape_divider_bottom&quot;:&quot;mountains&quot;}\">\n\t\t\t\t\t<div class=\"e-con-inner\">\n\t\t\t\t<div class=\"elementor-shape elementor-shape-bottom\" aria-hidden=\"true\" data-negative=\"false\">\n\t\t\t<svg xmlns=\"http:\/\/www.w3.org\/2000\/svg\" viewBox=\"0 0 1000 100\" preserveAspectRatio=\"none\">\n\t<path class=\"elementor-shape-fill\" opacity=\"0.33\" d=\"M473,67.3c-203.9,88.3-263.1-34-320.3,0C66,119.1,0,59.7,0,59.7V0h1000v59.7 c0,0-62.1,26.1-94.9,29.3c-32.8,3.3-62.8-12.3-75.8-22.1C806,49.6,745.3,8.7,694.9,4.7S492.4,59,473,67.3z\"\/>\n\t<path class=\"elementor-shape-fill\" opacity=\"0.66\" d=\"M734,67.3c-45.5,0-77.2-23.2-129.1-39.1c-28.6-8.7-150.3-10.1-254,39.1 s-91.7-34.4-149.2,0C115.7,118.3,0,39.8,0,39.8V0h1000v36.5c0,0-28.2-18.5-92.1-18.5C810.2,18.1,775.7,67.3,734,67.3z\"\/>\n\t<path class=\"elementor-shape-fill\" d=\"M766.1,28.9c-200-57.5-266,65.5-395.1,19.5C242,1.8,242,5.4,184.8,20.6C128,35.8,132.3,44.9,89.9,52.5C28.6,63.7,0,0,0,0 h1000c0,0-9.9,40.9-83.6,48.1S829.6,47,766.1,28.9z\"\/>\n<\/svg>\t\t<\/div>\n\t\t\t\t\t<\/div>\n\t\t\t\t<\/div>\n\t\t<div class=\"elementor-element elementor-element-5ae37e1 e-flex e-con-boxed e-con e-parent\" data-id=\"5ae37e1\" data-element_type=\"container\">\n\t\t\t\t\t<div class=\"e-con-inner\">\n\t\t\t\t<div class=\"elementor-element elementor-element-2873acd elementor-widget elementor-widget-text-editor\" data-id=\"2873acd\" data-element_type=\"widget\" data-widget_type=\"text-editor.default\">\n\t\t\t\t\t\t\t\t\t<h1 style=\"color: #0f766e; margin-bottom: 8px; font-family: Arial, Helvetica, sans-serif; font-style: normal;\"><span style=\"color: #6b7280; font-size: medium; font-weight: 400;\">Derni\u00e8re mise \u00e0 jour : 12 mars 2026<\/span><\/h1><p style=\"color: #1f2937; font-family: Arial, Helvetica, sans-serif; font-size: medium; font-style: normal; font-weight: 400;\">RAID Assistance attache une grande importance \u00e0 la protection de vos donn\u00e9es personnelles. Cette politique explique quelles informations nous collectons, pourquoi nous les utilisons et comment vous pouvez exercer vos droits.<\/p><h2 style=\"color: #0f766e; margin-top: 28px; font-family: Arial, Helvetica, sans-serif; font-style: normal;\">1. Qui sommes-nous ?<\/h2><p style=\"color: #1f2937; font-family: Arial, Helvetica, sans-serif; font-size: medium; font-style: normal;\"><span style=\"font-weight: 400;\">Le responsable du traitement est\u00a0<strong>RAID Assistance<\/strong>.<br \/>Site web :\u00a0<a style=\"color: #0f766e;\" href=\"https:\/\/raidassistance.com\/\">raidassistance.com<\/a><br \/>T\u00e9l\u00e9phone :97378788<br \/>E-mail :\u00a0<strong>contact@raidassitance.com<\/strong><br \/>Adresse : <\/span><b>route binguerdaine, medenine<\/b><\/p><h2 style=\"color: #0f766e; margin-top: 28px; font-family: Arial, Helvetica, sans-serif; font-style: normal;\">2. Quelles donn\u00e9es collectons-nous ?<\/h2><ul style=\"color: #1f2937; font-family: Arial, Helvetica, sans-serif; font-size: medium; font-style: normal; font-weight: 400;\"><li>nom et pr\u00e9nom ;<\/li><li>num\u00e9ro de t\u00e9l\u00e9phone ;<\/li><li>ville ou zone d\u2019intervention ;<\/li><li>type de service demand\u00e9 ;<\/li><li>message ou demande transmise via formulaire, t\u00e9l\u00e9phone, WhatsApp ou r\u00e9seaux sociaux.<\/li><\/ul><h2 style=\"color: #0f766e; margin-top: 28px; font-family: Arial, Helvetica, sans-serif; font-style: normal;\">3. Comment collectons-nous vos donn\u00e9es ?<\/h2><ul style=\"color: #1f2937; font-family: Arial, Helvetica, sans-serif; font-size: medium; font-style: normal; font-weight: 400;\"><li>lorsque vous remplissez un formulaire sur notre site web ;<\/li><li>lorsque vous remplissez un formulaire publicitaire sur Facebook ou Instagram ;<\/li><li>lorsque vous nous contactez par t\u00e9l\u00e9phone, WhatsApp, Messenger ou Instagram ;<\/li><li>lorsque vous nous envoyez un e-mail ou un message via les r\u00e9seaux sociaux.<\/li><\/ul><h2 style=\"color: #0f766e; margin-top: 28px; font-family: Arial, Helvetica, sans-serif; font-style: normal;\">4. Pourquoi utilisons-nous vos donn\u00e9es ?<\/h2><ul style=\"color: #1f2937; font-family: Arial, Helvetica, sans-serif; font-size: medium; font-style: normal; font-weight: 400;\"><li>r\u00e9pondre \u00e0 votre demande et vous recontacter ;<\/li><li>vous informer sur nos services d\u2019assistance et de soins \u00e0 domicile ;<\/li><li>organiser une \u00e9valuation de votre besoin ;<\/li><li>am\u00e9liorer la qualit\u00e9 de notre accueil et de notre suivi ;<\/li><li>respecter nos obligations l\u00e9gales et administratives.<\/li><\/ul><h2 style=\"color: #0f766e; margin-top: 28px; font-family: Arial, Helvetica, sans-serif; font-style: normal;\">5. Partage des donn\u00e9es<\/h2><p style=\"color: #1f2937; font-family: Arial, Helvetica, sans-serif; font-size: medium; font-style: normal; font-weight: 400;\">Nous ne vendons pas vos donn\u00e9es personnelles. Vos donn\u00e9es peuvent \u00eatre partag\u00e9es uniquement :<\/p><ul style=\"color: #1f2937; font-family: Arial, Helvetica, sans-serif; font-size: medium; font-style: normal; font-weight: 400;\"><li>avec les membres autoris\u00e9s de notre \u00e9quipe ;<\/li><li>avec nos prestataires techniques, lorsque cela est n\u00e9cessaire pour l\u2019h\u00e9bergement, la communication ou la gestion des demandes ;<\/li><li>avec les plateformes utilis\u00e9es pour la collecte des demandes, comme Meta (Facebook \/ Instagram), lorsque vous utilisez leurs formulaires ou messageries ;<\/li><li>si la loi ou une autorit\u00e9 comp\u00e9tente l\u2019exige.<\/li><\/ul><h2 style=\"color: #0f766e; margin-top: 28px; font-family: Arial, Helvetica, sans-serif; font-style: normal;\">6. Dur\u00e9e de conservation<\/h2><p style=\"color: #1f2937; font-family: Arial, Helvetica, sans-serif; font-size: medium; font-style: normal; font-weight: 400;\">Nous conservons vos donn\u00e9es uniquement pendant la dur\u00e9e n\u00e9cessaire pour traiter votre demande, assurer le suivi de la relation et respecter les obligations l\u00e9gales applicables.<\/p><h2 style=\"color: #0f766e; margin-top: 28px; font-family: Arial, Helvetica, sans-serif; font-style: normal;\">7. S\u00e9curit\u00e9<\/h2><p style=\"color: #1f2937; font-family: Arial, Helvetica, sans-serif; font-size: medium; font-style: normal; font-weight: 400;\">Nous mettons en place des mesures techniques et organisationnelles raisonnables pour prot\u00e9ger vos donn\u00e9es contre l\u2019acc\u00e8s non autoris\u00e9, la perte, la divulgation ou l\u2019utilisation abusive.<\/p><h2 style=\"color: #0f766e; margin-top: 28px; font-family: Arial, Helvetica, sans-serif; font-style: normal;\">8. Vos droits<\/h2><ul style=\"color: #1f2937; font-family: Arial, Helvetica, sans-serif; font-size: medium; font-style: normal; font-weight: 400;\"><li>l\u2019acc\u00e8s \u00e0 vos donn\u00e9es personnelles ;<\/li><li>la rectification de donn\u00e9es inexactes ;<\/li><li>la suppression de vos donn\u00e9es, lorsque cela est possible ;<\/li><li>le retrait de votre consentement, lorsque le traitement repose sur celui-ci.<\/li><\/ul><p style=\"color: #1f2937; font-family: Arial, Helvetica, sans-serif; font-size: medium; font-style: normal;\"><span style=\"font-weight: 400;\">Pour exercer vos droits, vous pouvez nous contacter \u00e0 l\u2019adresse suivante :\u00a0<\/span><b>contact@raidassistance.com<\/b>.<\/p><h2 style=\"color: #0f766e; margin-top: 28px; font-family: Arial, Helvetica, sans-serif; font-style: normal;\">9. Donn\u00e9es collect\u00e9es via Facebook et Instagram<\/h2><p style=\"color: #1f2937; font-family: Arial, Helvetica, sans-serif; font-size: medium; font-style: normal; font-weight: 400;\">Lorsque vous remplissez un formulaire ou nous contactez via Facebook ou Instagram, vos donn\u00e9es peuvent \u00e9galement \u00eatre trait\u00e9es par Meta conform\u00e9ment \u00e0 sa propre politique de confidentialit\u00e9.<\/p><h2 style=\"color: #0f766e; margin-top: 28px; font-family: Arial, Helvetica, sans-serif; font-style: normal;\">10. Modifications de cette politique<\/h2><p style=\"color: #1f2937; font-family: Arial, Helvetica, sans-serif; font-size: medium; font-style: normal; font-weight: 400;\">Nous pouvons mettre \u00e0 jour cette politique de confidentialit\u00e9 \u00e0 tout moment. La version la plus r\u00e9cente sera publi\u00e9e sur cette page avec sa date de mise \u00e0 jour.<\/p><h2 style=\"color: #0f766e; margin-top: 28px; font-family: Arial, Helvetica, sans-serif; font-style: normal;\">11. Nous contacter<\/h2><p style=\"color: #1f2937; font-family: Arial, Helvetica, sans-serif; font-size: medium; font-style: normal;\"><span style=\"font-weight: 400;\">Pour toute question concernant cette politique ou le traitement de vos donn\u00e9es, vous pouvez nous \u00e9crire \u00e0 :\u00a0<\/span><b>contact@raidassistance.com<\/b><\/p><p style=\"color: #6b7280; font-family: Arial, Helvetica, sans-serif; font-size: medium; font-style: normal; font-weight: 400;\">\u00a9 RAID Assistance \u2014 Tous droits r\u00e9serv\u00e9s.<\/p>\t\t\t\t\t\t\t\t<\/div>\n\t\t\t\t\t<\/div>\n\t\t\t\t<\/div>\n\t\t\t\t<\/div>\n\t\t","protected":false},"excerpt":{"rendered":"<p>Derni\u00e8re mise \u00e0 jour : 12 mars 2026 RAID Assistance attache une grande importance \u00e0 la protection de vos donn\u00e9es [&hellip;]<\/p>\n","protected":false},"author":1,"featured_media":120,"parent":0,"menu_order":0,"comment_status":"closed","ping_status":"closed","template":"elementor_header_footer","meta":{"_uag_custom_page_level_css":"","site-sidebar-layout":"no-sidebar","site-content-layout":"","ast-site-content-layout":"full-width-container","site-content-style":"default","site-sidebar-style":"default","ast-global-header-display":"","ast-banner-title-visibility":"","ast-main-header-display":"","ast-hfb-above-header-display":"","ast-hfb-below-header-display":"","ast-hfb-mobile-header-display":"","site-post-title":"","ast-breadcrumbs-content":"","ast-featured-img":"disabled","footer-sml-layout":"","ast-disable-related-posts":"","theme-transparent-header-meta":"","adv-header-id-meta":"","stick-header-meta":"","header-above-stick-meta":"","header-main-stick-meta":"","header-below-stick-meta":"","astra-migrate-meta-layouts":"default","ast-page-background-enabled":"default","ast-page-background-meta":{"desktop":{"background-color":"var(--ast-global-color-5)","background-image":"","background-repeat":"repeat","background-position":"center center","background-size":"auto","background-attachment":"scroll","background-type":"","background-media":"","overlay-type":"","overlay-color":"","overlay-opacity":"","overlay-gradient":""},"tablet":{"background-color":"","background-image":"","background-repeat":"repeat","background-position":"center center","background-size":"auto","background-attachment":"scroll","background-type":"","background-media":"","overlay-type":"","overlay-color":"","overlay-opacity":"","overlay-gradient":""},"mobile":{"background-color":"","background-image":"","background-repeat":"repeat","background-position":"center center","background-size":"auto","background-attachment":"scroll","background-type":"","background-media":"","overlay-type":"","overlay-color":"","overlay-opacity":"","overlay-gradient":""}},"ast-content-background-meta":{"desktop":{"background-color":"var(--ast-global-color-4)","background-image":"","background-repeat":"repeat","background-position":"center center","background-size":"auto","background-attachment":"scroll","background-type":"","background-media":"","overlay-type":"","overlay-color":"","overlay-opacity":"","overlay-gradient":""},"tablet":{"background-color":"var(--ast-global-color-4)","background-image":"","background-repeat":"repeat","background-position":"center center","background-size":"auto","background-attachment":"scroll","background-type":"","background-media":"","overlay-type":"","overlay-color":"","overlay-opacity":"","overlay-gradient":""},"mobile":{"background-color":"var(--ast-global-color-4)","background-image":"","background-repeat":"repeat","background-position":"center center","background-size":"auto","background-attachment":"scroll","background-type":"","background-media":"","overlay-type":"","overlay-color":"","overlay-opacity":"","overlay-gradient":""}},"footnotes":""},"class_list":["post-168","page","type-page","status-publish","has-post-thumbnail","hentry"],"yoast_head":"<!-- This site is optimized with the Yoast SEO plugin v26.7 - https:\/\/yoast.com\/wordpress\/plugins\/seo\/ -->\n<title>Politique de confidentialit\u00e9 - RAID Assistance<\/title>\n<meta name=\"robots\" content=\"index, follow, max-snippet:-1, max-image-preview:large, max-video-preview:-1\" \/>\n<link rel=\"canonical\" href=\"https:\/\/raidassistance.com\/index.php\/politique-de-confidentialite\/\" \/>\n<meta property=\"og:locale\" content=\"fr_FR\" \/>\n<meta property=\"og:type\" content=\"article\" \/>\n<meta property=\"og:title\" content=\"Politique de confidentialit\u00e9 - RAID Assistance\" \/>\n<meta property=\"og:description\" content=\"Derni\u00e8re mise \u00e0 jour : 12 mars 2026 RAID Assistance attache une grande importance \u00e0 la protection de vos donn\u00e9es [&hellip;]\" \/>\n<meta property=\"og:url\" content=\"https:\/\/raidassistance.com\/index.php\/politique-de-confidentialite\/\" \/>\n<meta property=\"og:site_name\" content=\"RAID Assistance\" \/>\n<meta property=\"article:modified_time\" content=\"2026-03-12T20:36:31+00:00\" \/>\n<meta property=\"og:image\" content=\"https:\/\/raidassistance.com\/wp-content\/uploads\/2026\/01\/ChatGPT-Image-18-\u062f\u064a\u0633\u0645\u0628\u0631-2025\u060c-07_13_01-\u0635-1024x683.png\" \/>\n\t<meta property=\"og:image:width\" content=\"1024\" \/>\n\t<meta property=\"og:image:height\" content=\"683\" \/>\n\t<meta property=\"og:image:type\" content=\"image\/png\" \/>\n<meta name=\"twitter:card\" content=\"summary_large_image\" \/>\n<meta name=\"twitter:label1\" content=\"Dur\u00e9e de lecture estim\u00e9e\" \/>\n\t<meta name=\"twitter:data1\" content=\"3 minutes\" \/>\n<script type=\"application\/ld+json\" class=\"yoast-schema-graph\">{\"@context\":\"https:\/\/schema.org\",\"@graph\":[{\"@type\":\"WebPage\",\"@id\":\"https:\/\/raidassistance.com\/index.php\/politique-de-confidentialite\/\",\"url\":\"https:\/\/raidassistance.com\/index.php\/politique-de-confidentialite\/\",\"name\":\"Politique de confidentialit\u00e9 - RAID Assistance\",\"isPartOf\":{\"@id\":\"https:\/\/raidassistance.com\/#website\"},\"primaryImageOfPage\":{\"@id\":\"https:\/\/raidassistance.com\/index.php\/politique-de-confidentialite\/#primaryimage\"},\"image\":{\"@id\":\"https:\/\/raidassistance.com\/index.php\/politique-de-confidentialite\/#primaryimage\"},\"thumbnailUrl\":\"https:\/\/raidassistance.com\/wp-content\/uploads\/2026\/01\/ChatGPT-Image-18-\u062f\u064a\u0633\u0645\u0628\u0631-2025\u060c-07_13_01-\u0635.png\",\"datePublished\":\"2026-03-12T20:33:24+00:00\",\"dateModified\":\"2026-03-12T20:36:31+00:00\",\"breadcrumb\":{\"@id\":\"https:\/\/raidassistance.com\/index.php\/politique-de-confidentialite\/#breadcrumb\"},\"inLanguage\":\"fr-FR\",\"potentialAction\":[{\"@type\":\"ReadAction\",\"target\":[\"https:\/\/raidassistance.com\/index.php\/politique-de-confidentialite\/\"]}]},{\"@type\":\"ImageObject\",\"inLanguage\":\"fr-FR\",\"@id\":\"https:\/\/raidassistance.com\/index.php\/politique-de-confidentialite\/#primaryimage\",\"url\":\"https:\/\/raidassistance.com\/wp-content\/uploads\/2026\/01\/ChatGPT-Image-18-\u062f\u064a\u0633\u0645\u0628\u0631-2025\u060c-07_13_01-\u0635.png\",\"contentUrl\":\"https:\/\/raidassistance.com\/wp-content\/uploads\/2026\/01\/ChatGPT-Image-18-\u062f\u064a\u0633\u0645\u0628\u0631-2025\u060c-07_13_01-\u0635.png\",\"width\":1536,\"height\":1024},{\"@type\":\"BreadcrumbList\",\"@id\":\"https:\/\/raidassistance.com\/index.php\/politique-de-confidentialite\/#breadcrumb\",\"itemListElement\":[{\"@type\":\"ListItem\",\"position\":1,\"name\":\"Accueil\",\"item\":\"https:\/\/raidassistance.com\/\"},{\"@type\":\"ListItem\",\"position\":2,\"name\":\"Politique de confidentialit\u00e9\"}]},{\"@type\":\"WebSite\",\"@id\":\"https:\/\/raidassistance.com\/#website\",\"url\":\"https:\/\/raidassistance.com\/\",\"name\":\"RAID Assistance\",\"description\":\"Nous sommes l\u00e0 pour votre sant\u00e9\",\"publisher\":{\"@id\":\"https:\/\/raidassistance.com\/#organization\"},\"potentialAction\":[{\"@type\":\"SearchAction\",\"target\":{\"@type\":\"EntryPoint\",\"urlTemplate\":\"https:\/\/raidassistance.com\/?s={search_term_string}\"},\"query-input\":{\"@type\":\"PropertyValueSpecification\",\"valueRequired\":true,\"valueName\":\"search_term_string\"}}],\"inLanguage\":\"fr-FR\"},{\"@type\":\"Organization\",\"@id\":\"https:\/\/raidassistance.com\/#organization\",\"name\":\"RAID Assistance\",\"url\":\"https:\/\/raidassistance.com\/\",\"logo\":{\"@type\":\"ImageObject\",\"inLanguage\":\"fr-FR\",\"@id\":\"https:\/\/raidassistance.com\/#\/schema\/logo\/image\/\",\"url\":\"https:\/\/raidassistance.com\/wp-content\/uploads\/2026\/01\/cropped-logo-ra-site-scaled-1.png\",\"contentUrl\":\"https:\/\/raidassistance.com\/wp-content\/uploads\/2026\/01\/cropped-logo-ra-site-scaled-1.png\",\"width\":2355,\"height\":710,\"caption\":\"RAID Assistance\"},\"image\":{\"@id\":\"https:\/\/raidassistance.com\/#\/schema\/logo\/image\/\"}}]}<\/script>\n<!-- \/ Yoast SEO plugin. -->","yoast_head_json":{"title":"Politique de confidentialit\u00e9 - RAID Assistance","robots":{"index":"index","follow":"follow","max-snippet":"max-snippet:-1","max-image-preview":"max-image-preview:large","max-video-preview":"max-video-preview:-1"},"canonical":"https:\/\/raidassistance.com\/index.php\/politique-de-confidentialite\/","og_locale":"fr_FR","og_type":"article","og_title":"Politique de confidentialit\u00e9 - RAID Assistance","og_description":"Derni\u00e8re mise \u00e0 jour : 12 mars 2026 RAID Assistance attache une grande importance \u00e0 la protection de vos donn\u00e9es [&hellip;]","og_url":"https:\/\/raidassistance.com\/index.php\/politique-de-confidentialite\/","og_site_name":"RAID Assistance","article_modified_time":"2026-03-12T20:36:31+00:00","og_image":[{"width":1024,"height":683,"url":"https:\/\/raidassistance.com\/wp-content\/uploads\/2026\/01\/ChatGPT-Image-18-\u062f\u064a\u0633\u0645\u0628\u0631-2025\u060c-07_13_01-\u0635-1024x683.png","type":"image\/png"}],"twitter_card":"summary_large_image","twitter_misc":{"Dur\u00e9e de lecture estim\u00e9e":"3 minutes"},"schema":{"@context":"https:\/\/schema.org","@graph":[{"@type":"WebPage","@id":"https:\/\/raidassistance.com\/index.php\/politique-de-confidentialite\/","url":"https:\/\/raidassistance.com\/index.php\/politique-de-confidentialite\/","name":"Politique de confidentialit\u00e9 - RAID Assistance","isPartOf":{"@id":"https:\/\/raidassistance.com\/#website"},"primaryImageOfPage":{"@id":"https:\/\/raidassistance.com\/index.php\/politique-de-confidentialite\/#primaryimage"},"image":{"@id":"https:\/\/raidassistance.com\/index.php\/politique-de-confidentialite\/#primaryimage"},"thumbnailUrl":"https:\/\/raidassistance.com\/wp-content\/uploads\/2026\/01\/ChatGPT-Image-18-\u062f\u064a\u0633\u0645\u0628\u0631-2025\u060c-07_13_01-\u0635.png","datePublished":"2026-03-12T20:33:24+00:00","dateModified":"2026-03-12T20:36:31+00:00","breadcrumb":{"@id":"https:\/\/raidassistance.com\/index.php\/politique-de-confidentialite\/#breadcrumb"},"inLanguage":"fr-FR","potentialAction":[{"@type":"ReadAction","target":["https:\/\/raidassistance.com\/index.php\/politique-de-confidentialite\/"]}]},{"@type":"ImageObject","inLanguage":"fr-FR","@id":"https:\/\/raidassistance.com\/index.php\/politique-de-confidentialite\/#primaryimage","url":"https:\/\/raidassistance.com\/wp-content\/uploads\/2026\/01\/ChatGPT-Image-18-\u062f\u064a\u0633\u0645\u0628\u0631-2025\u060c-07_13_01-\u0635.png","contentUrl":"https:\/\/raidassistance.com\/wp-content\/uploads\/2026\/01\/ChatGPT-Image-18-\u062f\u064a\u0633\u0645\u0628\u0631-2025\u060c-07_13_01-\u0635.png","width":1536,"height":1024},{"@type":"BreadcrumbList","@id":"https:\/\/raidassistance.com\/index.php\/politique-de-confidentialite\/#breadcrumb","itemListElement":[{"@type":"ListItem","position":1,"name":"Accueil","item":"https:\/\/raidassistance.com\/"},{"@type":"ListItem","position":2,"name":"Politique de confidentialit\u00e9"}]},{"@type":"WebSite","@id":"https:\/\/raidassistance.com\/#website","url":"https:\/\/raidassistance.com\/","name":"RAID Assistance","description":"Nous sommes l\u00e0 pour votre sant\u00e9","publisher":{"@id":"https:\/\/raidassistance.com\/#organization"},"potentialAction":[{"@type":"SearchAction","target":{"@type":"EntryPoint","urlTemplate":"https:\/\/raidassistance.com\/?s={search_term_string}"},"query-input":{"@type":"PropertyValueSpecification","valueRequired":true,"valueName":"search_term_string"}}],"inLanguage":"fr-FR"},{"@type":"Organization","@id":"https:\/\/raidassistance.com\/#organization","name":"RAID Assistance","url":"https:\/\/raidassistance.com\/","logo":{"@type":"ImageObject","inLanguage":"fr-FR","@id":"https:\/\/raidassistance.com\/#\/schema\/logo\/image\/","url":"https:\/\/raidassistance.com\/wp-content\/uploads\/2026\/01\/cropped-logo-ra-site-scaled-1.png","contentUrl":"https:\/\/raidassistance.com\/wp-content\/uploads\/2026\/01\/cropped-logo-ra-site-scaled-1.png","width":2355,"height":710,"caption":"RAID Assistance"},"image":{"@id":"https:\/\/raidassistance.com\/#\/schema\/logo\/image\/"}}]}},"uagb_featured_image_src":{"full":["https:\/\/raidassistance.com\/wp-content\/uploads\/2026\/01\/ChatGPT-Image-18-\u062f\u064a\u0633\u0645\u0628\u0631-2025\u060c-07_13_01-\u0635.png",1536,1024,false],"thumbnail":["https:\/\/raidassistance.com\/wp-content\/uploads\/2026\/01\/ChatGPT-Image-18-\u062f\u064a\u0633\u0645\u0628\u0631-2025\u060c-07_13_01-\u0635-150x150.png",150,150,true],"medium":["https:\/\/raidassistance.com\/wp-content\/uploads\/2026\/01\/ChatGPT-Image-18-\u062f\u064a\u0633\u0645\u0628\u0631-2025\u060c-07_13_01-\u0635-300x200.png",300,200,true],"medium_large":["https:\/\/raidassistance.com\/wp-content\/uploads\/2026\/01\/ChatGPT-Image-18-\u062f\u064a\u0633\u0645\u0628\u0631-2025\u060c-07_13_01-\u0635-768x512.png",768,512,true],"large":["https:\/\/raidassistance.com\/wp-content\/uploads\/2026\/01\/ChatGPT-Image-18-\u062f\u064a\u0633\u0645\u0628\u0631-2025\u060c-07_13_01-\u0635-1024x683.png",1024,683,true],"1536x1536":["https:\/\/raidassistance.com\/wp-content\/uploads\/2026\/01\/ChatGPT-Image-18-\u062f\u064a\u0633\u0645\u0628\u0631-2025\u060c-07_13_01-\u0635.png",1536,1024,false],"2048x2048":["https:\/\/raidassistance.com\/wp-content\/uploads\/2026\/01\/ChatGPT-Image-18-\u062f\u064a\u0633\u0645\u0628\u0631-2025\u060c-07_13_01-\u0635.png",1536,1024,false]},"uagb_author_info":{"display_name":"admin6174","author_link":"https:\/\/raidassistance.com\/index.php\/author\/admin6174\/"},"uagb_comment_info":0,"uagb_excerpt":"Derni\u00e8re mise \u00e0 jour : 12 mars 2026 RAID Assistance attache une grande importance \u00e0 la protection de vos donn\u00e9es [&hellip;]","_links":{"self":[{"href":"https:\/\/raidassistance.com\/index.php\/wp-json\/wp\/v2\/pages\/168","targetHints":{"allow":["GET"]}}],"collection":[{"href":"https:\/\/raidassistance.com\/index.php\/wp-json\/wp\/v2\/pages"}],"about":[{"href":"https:\/\/raidassistance.com\/index.php\/wp-json\/wp\/v2\/types\/page"}],"author":[{"embeddable":true,"href":"https:\/\/raidassistance.com\/index.php\/wp-json\/wp\/v2\/users\/1"}],"replies":[{"embeddable":true,"href":"https:\/\/raidassistance.com\/index.php\/wp-json\/wp\/v2\/comments?post=168"}],"version-history":[{"count":4,"href":"https:\/\/raidassistance.com\/index.php\/wp-json\/wp\/v2\/pages\/168\/revisions"}],"predecessor-version":[{"id":172,"href":"https:\/\/raidassistance.com\/index.php\/wp-json\/wp\/v2\/pages\/168\/revisions\/172"}],"wp:featuredmedia":[{"embeddable":true,"href":"https:\/\/raidassistance.com\/index.php\/wp-json\/wp\/v2\/media\/120"}],"wp:attachment":[{"href":"https:\/\/raidassistance.com\/index.php\/wp-json\/wp\/v2\/media?parent=168"}],"curies":[{"name":"wp","href":"https:\/\/api.w.org\/{rel}","templated":true}]}}